{"id":3536,"date":"2025-08-07T10:07:26","date_gmt":"2025-08-07T13:07:26","guid":{"rendered":"https:\/\/conperspectiva.net\/?page_id=3536"},"modified":"2025-08-08T11:25:27","modified_gmt":"2025-08-08T14:25:27","slug":"estudios-de-mercado-y-proyectos-empresariales","status":"publish","type":"page","link":"https:\/\/conperspectiva.net\/index.php\/estudios-de-mercado-y-proyectos-empresariales\/","title":{"rendered":"Estudios de mercado y proyectos empresariales"},"content":{"rendered":"\t\t<div data-elementor-type=\"wp-page\" data-elementor-id=\"3536\" class=\"elementor elementor-3536\" data-elementor-post-type=\"page\">\n\t\t\t\t\t\t<section class=\"elementor-section elementor-top-section elementor-element elementor-element-84a6be1 elementor-section-boxed elementor-section-height-default elementor-section-height-default wpr-particle-no wpr-jarallax-no wpr-sticky-section-no\" data-id=\"84a6be1\" data-element_type=\"section\" data-settings=\"{&quot;background_background&quot;:&quot;classic&quot;}\">\n\t\t\t\t\t\t\t<div class=\"elementor-background-overlay\"><\/div>\n\t\t\t\t\t\t\t<div class=\"elementor-container elementor-column-gap-default\">\n\t\t\t\t\t<div class=\"elementor-column elementor-col-50 elementor-top-column elementor-element elementor-element-fc61f43\" data-id=\"fc61f43\" data-element_type=\"column\">\n\t\t\t<div class=\"elementor-widget-wrap elementor-element-populated\">\n\t\t\t\t\t\t<div class=\"elementor-element elementor-element-b0e4a44 elementor-widget__width-initial elementor-widget-mobile__width-initial wpr-dual-heading-icon-top elementor-invisible elementor-widget elementor-widget-wpr-dual-color-heading\" data-id=\"b0e4a44\" data-element_type=\"widget\" data-settings=\"{&quot;_animation&quot;:&quot;slideInLeft&quot;,&quot;_animation_delay&quot;:100}\" data-widget_type=\"wpr-dual-color-heading.default\">\n\t\t\t\t\t\t\t\t<div class=\"wpr-dual-heading-wrap\">\n\t\t\t\t<div class=\"wpr-dual-title-wrap\">\n\t\t\t\t\t<h2 class=\"wpr-dual-title\">\n\t\t\t\t\t\t\t\t\t\t\t<span class=\"first\">Estudios de mercado y proyectos empresariales<\/span>\n\t\t\t\t\t\t\t\t\t\t\n\t\t\t\t\t\t\t\t\t\t<\/h2>\n\t\t\t\t<\/div>\n\t\t\t\t\n\t\t\t\t\t\t\t\t\t<div class=\"wpr-dual-heading-description\" ><\/div>\n\t\t\t\t\n\t\t\t\t\n\t\t\t<\/div>\n\t\t\t\t\t\t<\/div>\n\t\t\t\t\t<\/div>\n\t\t<\/div>\n\t\t\t\t<div class=\"elementor-column elementor-col-50 elementor-top-column elementor-element elementor-element-f4b97c3\" data-id=\"f4b97c3\" data-element_type=\"column\">\n\t\t\t<div class=\"elementor-widget-wrap elementor-element-populated\">\n\t\t\t\t\t\t<div class=\"elementor-element elementor-element-061256a elementor-widget__width-initial elementor-widget-mobile__width-initial wpr-dual-heading-icon-top elementor-invisible elementor-widget elementor-widget-wpr-dual-color-heading\" data-id=\"061256a\" data-element_type=\"widget\" data-settings=\"{&quot;_animation&quot;:&quot;slideInLeft&quot;,&quot;_animation_delay&quot;:100}\" data-widget_type=\"wpr-dual-color-heading.default\">\n\t\t\t\t\t\t\t\t<div class=\"wpr-dual-heading-wrap\">\n\t\t\t\t<div class=\"wpr-dual-title-wrap\">\n\t\t\t\t\t<h2 class=\"wpr-dual-title\">\n\t\t\t\t\t\t\t\t\t\t\n\t\t\t\t\t\t\t\t\t\t<\/h2>\n\t\t\t\t<\/div>\n\t\t\t\t\n\t\t\t\t\t\t\t\t\t<div class=\"wpr-dual-heading-description\" ><\/div>\n\t\t\t\t\n\t\t\t\t\n\t\t\t<\/div>\n\t\t\t\t\t\t<\/div>\n\t\t\t\t\t<\/div>\n\t\t<\/div>\n\t\t\t\t\t<\/div>\n\t\t<\/section>\n\t\t<div class=\"elementor-element elementor-element-85468b6 e-flex e-con-boxed wpr-particle-no wpr-jarallax-no wpr-parallax-no wpr-sticky-section-no e-con e-parent\" data-id=\"85468b6\" data-element_type=\"container\">\n\t\t\t\t\t<div class=\"e-con-inner\">\n\t\t\t\t<div class=\"elementor-element elementor-element-0f4e890 elementor-widget elementor-widget-html\" data-id=\"0f4e890\" data-element_type=\"widget\" data-widget_type=\"html.default\">\n\t\t\t\t\t<!-- Importar Google Fonts -->\r\n<link href=\"https:\/\/fonts.googleapis.com\/css2?family=Kanit:wght@600&family=Poppins:wght@400&display=swap\" rel=\"stylesheet\">\r\n\r\n<div style=\"max-width: 1000px; margin: auto; padding: 40px; line-height: 1.6; color: #333; font-family: 'Poppins', sans-serif; font-size: 14px;\">\r\n\r\n    <!-- Encabezado del servicio -->\r\n    <section id=\"mercado\" style=\"margin-bottom: 50px;\">\r\n        <h2 style=\"font-family: 'Kanit', sans-serif; font-size: 17px; color: #1a1a1a; margin-bottom: 15px;\">\r\n            Estudios de mercado y proyectos empresariales\r\n        <\/h2>\r\n        <p>En <strong>Conperspectiva<\/strong> ofrecemos an\u00e1lisis estad\u00edstico especializado para empresas, emprendedores y consultores que necesitan comprender el comportamiento de su mercado y tomar decisiones basadas en evidencia.<\/p>\r\n    <\/section>\r\n\r\n    <!-- Qu\u00e9 incluye -->\r\n    <section style=\"margin-bottom: 30px;\">\r\n        <h3 style=\"font-family: 'Kanit', sans-serif; font-size: 17px; margin-bottom: 10px;\">\u00bfQu\u00e9 incluye este servicio?<\/h3>\r\n        <ul style=\"padding-left: 20px;\">\r\n            <li><strong>Segmentaci\u00f3n de clientes:<\/strong> Identificaci\u00f3n de perfiles de consumidores y patrones de comportamiento.<\/li>\r\n            <li><strong>Proyecciones y tendencias:<\/strong> An\u00e1lisis predictivo para estimar ventas, demanda y crecimiento del mercado.<\/li>\r\n            <li><strong>Evaluaci\u00f3n de satisfacci\u00f3n:<\/strong> Encuestas y an\u00e1lisis sobre experiencia del cliente.<\/li>\r\n            <li><strong>Informes ejecutivos:<\/strong> Presentaci\u00f3n clara y visual de resultados para toma de decisiones.<\/li>\r\n            <li><strong>An\u00e1lisis de competencia:<\/strong> Benchmarking y an\u00e1lisis de posicionamiento estrat\u00e9gico.<\/li>\r\n        <\/ul>\r\n    <\/section>\r\n\r\n    <!-- Proceso de trabajo -->\r\n    <section style=\"margin-bottom: 30px;\">\r\n        <h3 style=\"font-family: 'Kanit', sans-serif; font-size: 17px; margin-bottom: 10px;\">\u00bfC\u00f3mo trabajamos?<\/h3>\r\n        <ol style=\"padding-left: 20px;\">\r\n            <li><strong>Diagn\u00f3stico inicial:<\/strong> Relevamiento de objetivos y necesidades del negocio.<\/li>\r\n            <li><strong>Dise\u00f1o metodol\u00f3gico:<\/strong> Definici\u00f3n de fuentes, variables e indicadores clave.<\/li>\r\n            <li><strong>Recolecci\u00f3n y procesamiento:<\/strong> Tratamiento de bases de datos internas o externas.<\/li>\r\n            <li><strong>An\u00e1lisis avanzado:<\/strong> T\u00e9cnicas estad\u00edsticas aplicadas a contextos reales.<\/li>\r\n            <li><strong>Presentaci\u00f3n de resultados:<\/strong> Tableros, gr\u00e1ficos y recomendaciones ejecutivas.<\/li>\r\n        <\/ol>\r\n    <\/section>\r\n\r\n    <!-- P\u00fablico objetivo -->\r\n    <section style=\"margin-bottom: 30px;\">\r\n        <h3 style=\"font-family: 'Kanit', sans-serif; font-size: 17px; margin-bottom: 10px;\">\u00bfA qui\u00e9n est\u00e1 dirigido?<\/h3>\r\n        <p>Este servicio es ideal para:<\/p>\r\n        <ul style=\"padding-left: 20px;\">\r\n            <li>Empresas que desean lanzar nuevos productos o servicios.<\/li>\r\n            <li>Consultores de negocios que requieren reportes profesionales para sus clientes.<\/li>\r\n            <li>Emprendedores que buscan validar ideas antes de invertir.<\/li>\r\n            <li>\u00c1reas de marketing y ventas que necesitan datos actualizados para su estrategia.<\/li>\r\n        <\/ul>\r\n    <\/section>\r\n\r\n    <!-- Llamado a la acci\u00f3n -->\r\n    <section style=\"text-align: center; background-color: #f7f7f7; padding: 20px; border-radius: 8px;\">\r\n        <h3 style=\"font-family: 'Kanit', sans-serif; font-size: 17px; margin-bottom: 10px; color: #1a1a1a;\">\r\n            \ud83d\udcca Transform\u00e1 tus datos en decisiones inteligentes\r\n        <\/h3>\r\n        <p>Contactanos y program\u00e1 una reuni\u00f3n para comenzar a construir una estrategia s\u00f3lida basada en datos.<\/p>\r\n        <a href=\"hhttps:\/\/conperspectiva.net\/index.php\/contactos\/\" style=\"background-color: #FF3131; color: white; padding: 12px 25px; text-decoration: none; border-radius: 5px; font-family: 'Poppins', sans-serif; font-size: 14px;\">\r\n            Contactanos ahora\r\n        <\/a>\r\n    <\/section>\r\n\r\n<\/div>\r\n\r\n\t\t\t\t<\/div>\n\t\t\t\t\t<\/div>\n\t\t\t\t<\/div>\n\t\t\t\t<\/div>\n\t\t","protected":false},"excerpt":{"rendered":"<p>Estudios de mercado y proyectos empresariales Estudios de mercado y proyectos empresariales En Conperspectiva ofrecemos an\u00e1lisis estad\u00edstico especializado para empresas, emprendedores y consultores que necesitan comprender el comportamiento de su mercado y tomar decisiones basadas en evidencia. \u00bfQu\u00e9 incluye este servicio? Segmentaci\u00f3n de clientes: Identificaci\u00f3n de perfiles de consumidores y patrones de comportamiento. Proyecciones y tendencias: An\u00e1lisis predictivo para estimar ventas, demanda y crecimiento del mercado. Evaluaci\u00f3n de satisfacci\u00f3n: Encuestas y an\u00e1lisis sobre experiencia del cliente. Informes ejecutivos: Presentaci\u00f3n clara y visual de resultados para toma de decisiones. An\u00e1lisis de competencia: Benchmarking y an\u00e1lisis de posicionamiento estrat\u00e9gico. \u00bfC\u00f3mo trabajamos? Diagn\u00f3stico inicial: Relevamiento de objetivos y necesidades del negocio. Dise\u00f1o metodol\u00f3gico: Definici\u00f3n de fuentes, variables e indicadores clave. Recolecci\u00f3n y procesamiento: Tratamiento de bases de datos internas o externas. An\u00e1lisis avanzado: T\u00e9cnicas estad\u00edsticas aplicadas a contextos reales. Presentaci\u00f3n de resultados: Tableros, gr\u00e1ficos y recomendaciones ejecutivas. \u00bfA qui\u00e9n est\u00e1 dirigido? Este servicio es ideal para: Empresas que desean lanzar nuevos productos o servicios. Consultores de negocios que requieren reportes profesionales para sus clientes. Emprendedores que buscan validar ideas antes de invertir. \u00c1reas de marketing y ventas que necesitan datos actualizados para su estrategia. \ud83d\udcca Transform\u00e1 tus datos en decisiones inteligentes Contactanos y program\u00e1 una reuni\u00f3n para comenzar a construir una estrategia s\u00f3lida basada en datos. Contactanos ahora<\/p>\n","protected":false},"author":1,"featured_media":0,"parent":0,"menu_order":0,"comment_status":"closed","ping_status":"closed","template":"elementor_canvas","meta":{"footnotes":""},"class_list":["post-3536","page","type-page","status-publish","hentry"],"_links":{"self":[{"href":"https:\/\/conperspectiva.net\/index.php\/wp-json\/wp\/v2\/pages\/3536","targetHints":{"allow":["GET"]}}],"collection":[{"href":"https:\/\/conperspectiva.net\/index.php\/wp-json\/wp\/v2\/pages"}],"about":[{"href":"https:\/\/conperspectiva.net\/index.php\/wp-json\/wp\/v2\/types\/page"}],"author":[{"embeddable":true,"href":"https:\/\/conperspectiva.net\/index.php\/wp-json\/wp\/v2\/users\/1"}],"replies":[{"embeddable":true,"href":"https:\/\/conperspectiva.net\/index.php\/wp-json\/wp\/v2\/comments?post=3536"}],"version-history":[{"count":10,"href":"https:\/\/conperspectiva.net\/index.php\/wp-json\/wp\/v2\/pages\/3536\/revisions"}],"predecessor-version":[{"id":3660,"href":"https:\/\/conperspectiva.net\/index.php\/wp-json\/wp\/v2\/pages\/3536\/revisions\/3660"}],"wp:attachment":[{"href":"https:\/\/conperspectiva.net\/index.php\/wp-json\/wp\/v2\/media?parent=3536"}],"curies":[{"name":"wp","href":"https:\/\/api.w.org\/{rel}","templated":true}]}}